{"id":25,"date":"2020-02-13T13:20:49","date_gmt":"2020-02-13T12:20:49","guid":{"rendered":"https:\/\/pasiekabrzeziak.pl\/?page_id=25"},"modified":"2020-02-13T22:37:29","modified_gmt":"2020-02-13T21:37:29","slug":"odklady","status":"publish","type":"page","link":"https:\/\/pasiekabrzeziak.site\/index.php\/odklady\/","title":{"rendered":"Odk\u0142ady"},"content":{"rendered":"\n<p class=\"has-text-align-left\">Oferujemy odk\u0142ady pochodz\u0105ce z pasieki hodowlanej b\u0119d\u0105cej pod nadzorem lekarza weterynarii.<\/p>\n\n\n\n<figure class=\"wp-block-image size-large\"><img loading=\"lazy\" decoding=\"async\" width=\"1024\" height=\"683\" src=\"https:\/\/pasiekabrzeziak.pl\/wp-content\/uploads\/2020\/02\/brown-wooden-crate-with-bees-27498471-1024x683.jpg\" alt=\"\" class=\"wp-image-81\" srcset=\"https:\/\/pasiekabrzeziak.site\/wp-content\/uploads\/2020\/02\/brown-wooden-crate-with-bees-27498471-1024x683.jpg 1024w, https:\/\/pasiekabrzeziak.site\/wp-content\/uploads\/2020\/02\/brown-wooden-crate-with-bees-27498471-300x200.jpg 300w, https:\/\/pasiekabrzeziak.site\/wp-content\/uploads\/2020\/02\/brown-wooden-crate-with-bees-27498471-768x512.jpg 768w, https:\/\/pasiekabrzeziak.site\/wp-content\/uploads\/2020\/02\/brown-wooden-crate-with-bees-27498471-1536x1024.jpg 1536w, https:\/\/pasiekabrzeziak.site\/wp-content\/uploads\/2020\/02\/brown-wooden-crate-with-bees-27498471.jpg 1920w\" sizes=\"auto, (max-width: 1024px) 100vw, 1024px\" \/><\/figure>\n","protected":false},"excerpt":{"rendered":"<p>Oferujemy odk\u0142ady pochodz\u0105ce z pasieki hodowlanej b\u0119d\u0105cej pod nadzorem lekarza weterynarii.<\/p>\n","protected":false},"author":1,"featured_media":0,"parent":0,"menu_order":0,"comment_status":"closed","ping_status":"closed","template":"","meta":{"footnotes":""},"class_list":["post-25","page","type-page","status-publish","hentry"],"yoast_head":"<!-- This site is optimized with the Yoast SEO plugin v27.4 - https:\/\/yoast.com\/product\/yoast-seo-wordpress\/ -->\n<title>Odk\u0142ady - Czes\u0142aw Brzeziak - technik pszczelarz<\/title>\n<meta name=\"robots\" content=\"index, follow, max-snippet:-1, max-image-preview:large, max-video-preview:-1\" \/>\n<link rel=\"canonical\" href=\"https:\/\/pasiekabrzeziak.site\/index.php\/odklady\/\" \/>\n<meta property=\"og:locale\" content=\"pl_PL\" \/>\n<meta property=\"og:type\" content=\"article\" \/>\n<meta property=\"og:title\" content=\"Odk\u0142ady - Czes\u0142aw Brzeziak - technik pszczelarz\" \/>\n<meta property=\"og:description\" content=\"Oferujemy odk\u0142ady pochodz\u0105ce z pasieki hodowlanej b\u0119d\u0105cej pod nadzorem lekarza weterynarii.\" \/>\n<meta property=\"og:url\" content=\"https:\/\/pasiekabrzeziak.site\/index.php\/odklady\/\" \/>\n<meta property=\"og:site_name\" content=\"Czes\u0142aw Brzeziak - technik pszczelarz\" \/>\n<meta property=\"article:modified_time\" content=\"2020-02-13T21:37:29+00:00\" \/>\n<meta property=\"og:image\" content=\"https:\/\/pasiekabrzeziak.pl\/wp-content\/uploads\/2020\/02\/brown-wooden-crate-with-bees-27498471-1024x683.jpg\" \/>\n<meta name=\"twitter:card\" content=\"summary_large_image\" \/>\n<script type=\"application\/ld+json\" class=\"yoast-schema-graph\">{\"@context\":\"https:\\\/\\\/schema.org\",\"@graph\":[{\"@type\":\"WebPage\",\"@id\":\"https:\\\/\\\/pasiekabrzeziak.site\\\/index.php\\\/odklady\\\/\",\"url\":\"https:\\\/\\\/pasiekabrzeziak.site\\\/index.php\\\/odklady\\\/\",\"name\":\"Odk\u0142ady - Czes\u0142aw Brzeziak - technik pszczelarz\",\"isPartOf\":{\"@id\":\"https:\\\/\\\/pasiekabrzeziak.site\\\/#website\"},\"primaryImageOfPage\":{\"@id\":\"https:\\\/\\\/pasiekabrzeziak.site\\\/index.php\\\/odklady\\\/#primaryimage\"},\"image\":{\"@id\":\"https:\\\/\\\/pasiekabrzeziak.site\\\/index.php\\\/odklady\\\/#primaryimage\"},\"thumbnailUrl\":\"https:\\\/\\\/pasiekabrzeziak.pl\\\/wp-content\\\/uploads\\\/2020\\\/02\\\/brown-wooden-crate-with-bees-27498471-1024x683.jpg\",\"datePublished\":\"2020-02-13T12:20:49+00:00\",\"dateModified\":\"2020-02-13T21:37:29+00:00\",\"breadcrumb\":{\"@id\":\"https:\\\/\\\/pasiekabrzeziak.site\\\/index.php\\\/odklady\\\/#breadcrumb\"},\"inLanguage\":\"pl-PL\",\"potentialAction\":[{\"@type\":\"ReadAction\",\"target\":[\"https:\\\/\\\/pasiekabrzeziak.site\\\/index.php\\\/odklady\\\/\"]}]},{\"@type\":\"ImageObject\",\"inLanguage\":\"pl-PL\",\"@id\":\"https:\\\/\\\/pasiekabrzeziak.site\\\/index.php\\\/odklady\\\/#primaryimage\",\"url\":\"https:\\\/\\\/pasiekabrzeziak.pl\\\/wp-content\\\/uploads\\\/2020\\\/02\\\/brown-wooden-crate-with-bees-27498471-1024x683.jpg\",\"contentUrl\":\"https:\\\/\\\/pasiekabrzeziak.pl\\\/wp-content\\\/uploads\\\/2020\\\/02\\\/brown-wooden-crate-with-bees-27498471-1024x683.jpg\"},{\"@type\":\"BreadcrumbList\",\"@id\":\"https:\\\/\\\/pasiekabrzeziak.site\\\/index.php\\\/odklady\\\/#breadcrumb\",\"itemListElement\":[{\"@type\":\"ListItem\",\"position\":1,\"name\":\"Strona g\u0142\u00f3wna\",\"item\":\"https:\\\/\\\/pasiekabrzeziak.site\\\/\"},{\"@type\":\"ListItem\",\"position\":2,\"name\":\"Odk\u0142ady\"}]},{\"@type\":\"WebSite\",\"@id\":\"https:\\\/\\\/pasiekabrzeziak.site\\\/#website\",\"url\":\"https:\\\/\\\/pasiekabrzeziak.site\\\/\",\"name\":\"Czes\u0142aw Brzeziak - technik pszczelarz\",\"description\":\"ROLNICZY HANDEL DETALICZNY Nr weter. 12163519\",\"publisher\":{\"@id\":\"https:\\\/\\\/pasiekabrzeziak.site\\\/#organization\"},\"potentialAction\":[{\"@type\":\"SearchAction\",\"target\":{\"@type\":\"EntryPoint\",\"urlTemplate\":\"https:\\\/\\\/pasiekabrzeziak.site\\\/?s={search_term_string}\"},\"query-input\":{\"@type\":\"PropertyValueSpecification\",\"valueRequired\":true,\"valueName\":\"search_term_string\"}}],\"inLanguage\":\"pl-PL\"},{\"@type\":\"Organization\",\"@id\":\"https:\\\/\\\/pasiekabrzeziak.site\\\/#organization\",\"name\":\"Pasieka Brzeziak\",\"url\":\"https:\\\/\\\/pasiekabrzeziak.site\\\/\",\"logo\":{\"@type\":\"ImageObject\",\"inLanguage\":\"pl-PL\",\"@id\":\"https:\\\/\\\/pasiekabrzeziak.site\\\/#\\\/schema\\\/logo\\\/image\\\/\",\"url\":\"https:\\\/\\\/pasiekabrzeziak.site\\\/wp-content\\\/uploads\\\/2020\\\/02\\\/Brzeziak.png\",\"contentUrl\":\"https:\\\/\\\/pasiekabrzeziak.site\\\/wp-content\\\/uploads\\\/2020\\\/02\\\/Brzeziak.png\",\"width\":91,\"height\":91,\"caption\":\"Pasieka Brzeziak\"},\"image\":{\"@id\":\"https:\\\/\\\/pasiekabrzeziak.site\\\/#\\\/schema\\\/logo\\\/image\\\/\"}}]}<\/script>\n<!-- \/ Yoast SEO plugin. -->","yoast_head_json":{"title":"Odk\u0142ady - Czes\u0142aw Brzeziak - technik pszczelarz","robots":{"index":"index","follow":"follow","max-snippet":"max-snippet:-1","max-image-preview":"max-image-preview:large","max-video-preview":"max-video-preview:-1"},"canonical":"https:\/\/pasiekabrzeziak.site\/index.php\/odklady\/","og_locale":"pl_PL","og_type":"article","og_title":"Odk\u0142ady - Czes\u0142aw Brzeziak - technik pszczelarz","og_description":"Oferujemy odk\u0142ady pochodz\u0105ce z pasieki hodowlanej b\u0119d\u0105cej pod nadzorem lekarza weterynarii.","og_url":"https:\/\/pasiekabrzeziak.site\/index.php\/odklady\/","og_site_name":"Czes\u0142aw Brzeziak - technik pszczelarz","article_modified_time":"2020-02-13T21:37:29+00:00","og_image":[{"url":"https:\/\/pasiekabrzeziak.pl\/wp-content\/uploads\/2020\/02\/brown-wooden-crate-with-bees-27498471-1024x683.jpg","type":"","width":"","height":""}],"twitter_card":"summary_large_image","schema":{"@context":"https:\/\/schema.org","@graph":[{"@type":"WebPage","@id":"https:\/\/pasiekabrzeziak.site\/index.php\/odklady\/","url":"https:\/\/pasiekabrzeziak.site\/index.php\/odklady\/","name":"Odk\u0142ady - Czes\u0142aw Brzeziak - technik pszczelarz","isPartOf":{"@id":"https:\/\/pasiekabrzeziak.site\/#website"},"primaryImageOfPage":{"@id":"https:\/\/pasiekabrzeziak.site\/index.php\/odklady\/#primaryimage"},"image":{"@id":"https:\/\/pasiekabrzeziak.site\/index.php\/odklady\/#primaryimage"},"thumbnailUrl":"https:\/\/pasiekabrzeziak.pl\/wp-content\/uploads\/2020\/02\/brown-wooden-crate-with-bees-27498471-1024x683.jpg","datePublished":"2020-02-13T12:20:49+00:00","dateModified":"2020-02-13T21:37:29+00:00","breadcrumb":{"@id":"https:\/\/pasiekabrzeziak.site\/index.php\/odklady\/#breadcrumb"},"inLanguage":"pl-PL","potentialAction":[{"@type":"ReadAction","target":["https:\/\/pasiekabrzeziak.site\/index.php\/odklady\/"]}]},{"@type":"ImageObject","inLanguage":"pl-PL","@id":"https:\/\/pasiekabrzeziak.site\/index.php\/odklady\/#primaryimage","url":"https:\/\/pasiekabrzeziak.pl\/wp-content\/uploads\/2020\/02\/brown-wooden-crate-with-bees-27498471-1024x683.jpg","contentUrl":"https:\/\/pasiekabrzeziak.pl\/wp-content\/uploads\/2020\/02\/brown-wooden-crate-with-bees-27498471-1024x683.jpg"},{"@type":"BreadcrumbList","@id":"https:\/\/pasiekabrzeziak.site\/index.php\/odklady\/#breadcrumb","itemListElement":[{"@type":"ListItem","position":1,"name":"Strona g\u0142\u00f3wna","item":"https:\/\/pasiekabrzeziak.site\/"},{"@type":"ListItem","position":2,"name":"Odk\u0142ady"}]},{"@type":"WebSite","@id":"https:\/\/pasiekabrzeziak.site\/#website","url":"https:\/\/pasiekabrzeziak.site\/","name":"Czes\u0142aw Brzeziak - technik pszczelarz","description":"ROLNICZY HANDEL DETALICZNY Nr weter. 12163519","publisher":{"@id":"https:\/\/pasiekabrzeziak.site\/#organization"},"potentialAction":[{"@type":"SearchAction","target":{"@type":"EntryPoint","urlTemplate":"https:\/\/pasiekabrzeziak.site\/?s={search_term_string}"},"query-input":{"@type":"PropertyValueSpecification","valueRequired":true,"valueName":"search_term_string"}}],"inLanguage":"pl-PL"},{"@type":"Organization","@id":"https:\/\/pasiekabrzeziak.site\/#organization","name":"Pasieka Brzeziak","url":"https:\/\/pasiekabrzeziak.site\/","logo":{"@type":"ImageObject","inLanguage":"pl-PL","@id":"https:\/\/pasiekabrzeziak.site\/#\/schema\/logo\/image\/","url":"https:\/\/pasiekabrzeziak.site\/wp-content\/uploads\/2020\/02\/Brzeziak.png","contentUrl":"https:\/\/pasiekabrzeziak.site\/wp-content\/uploads\/2020\/02\/Brzeziak.png","width":91,"height":91,"caption":"Pasieka Brzeziak"},"image":{"@id":"https:\/\/pasiekabrzeziak.site\/#\/schema\/logo\/image\/"}}]}},"_links":{"self":[{"href":"https:\/\/pasiekabrzeziak.site\/index.php\/wp-json\/wp\/v2\/pages\/25","targetHints":{"allow":["GET"]}}],"collection":[{"href":"https:\/\/pasiekabrzeziak.site\/index.php\/wp-json\/wp\/v2\/pages"}],"about":[{"href":"https:\/\/pasiekabrzeziak.site\/index.php\/wp-json\/wp\/v2\/types\/page"}],"author":[{"embeddable":true,"href":"https:\/\/pasiekabrzeziak.site\/index.php\/wp-json\/wp\/v2\/users\/1"}],"replies":[{"embeddable":true,"href":"https:\/\/pasiekabrzeziak.site\/index.php\/wp-json\/wp\/v2\/comments?post=25"}],"version-history":[{"count":3,"href":"https:\/\/pasiekabrzeziak.site\/index.php\/wp-json\/wp\/v2\/pages\/25\/revisions"}],"predecessor-version":[{"id":93,"href":"https:\/\/pasiekabrzeziak.site\/index.php\/wp-json\/wp\/v2\/pages\/25\/revisions\/93"}],"wp:attachment":[{"href":"https:\/\/pasiekabrzeziak.site\/index.php\/wp-json\/wp\/v2\/media?parent=25"}],"curies":[{"name":"wp","href":"https:\/\/api.w.org\/{rel}","templated":true}]}}