{"id":21,"date":"2020-02-13T13:19:23","date_gmt":"2020-02-13T12:19:23","guid":{"rendered":"https:\/\/pasiekabrzeziak.pl\/?page_id=21"},"modified":"2020-02-14T21:50:38","modified_gmt":"2020-02-14T20:50:38","slug":"oferta","status":"publish","type":"page","link":"https:\/\/pasiekabrzeziak.site\/index.php\/oferta\/","title":{"rendered":"Oferta"},"content":{"rendered":"\n<p><strong>Oferta &#8211; miody, py\u0142ek pszczeli, pierzga, propolis z w\u0142asnej pasieki.<\/strong><br>Mi\u00f3d jest najpopularniejszym produktem pszczelim. Nikogo nie trzeba przekonywa\u0107 o tym, jak wa\u017cne dla ludzkiego zdrowia i samopoczucia jest jego regularne spo\u017cywanie. <br>Mi\u00f3d pszczeli ma w swoim sk\u0142adzie m.in. zwi\u0105zki hamuj\u0105ce rozw\u00f3j bakterii, takie jak np.: nadtlenek wodoru, lizozym, metyloglioksal, czy odpowiadaj\u0105ce za odporno\u015b\u0107 defensyny.<br>Dla skutecznego dzia\u0142ania mi\u00f3d pszczeli nale\u017cy umiej\u0119tnie spo\u017cywa\u0107, aby nie straci\u0142 w\u0142a\u015bciwo\u015bci leczniczych. <br>Pami\u0119tajmy, \u017ce miodu nie wolno podgrzewa\u0107 powy\u017cej 40 stopni Celsjusza, gdy\u017c wysoka temperatura i \u015bwiat\u0142o niszcz\u0105 niekt\u00f3re zawarte w nim zwi\u0105zki i  s\u0142abnie aktywno\u015b\u0107 zawartych w nim enzym\u00f3w.<\/p>\n\n\n\n<p>Wszystkim naszym klientom oferujemy wy\u0142\u0105cznie najwy\u017cszej klasy produkty z w\u0142asnych ma\u0142opolskich pasiek. <br><strong>Osobom zajmuj\u0105cym si\u0119 pszczelarstwem oferujemy odk\u0142ady, matki pszczele. <\/strong>Ch\u0119tnie udzielimy szczeg\u00f3\u0142owych informacji na temat poszczeg\u00f3lnych produkt\u00f3w i pomo\u017cemy w wyborze najlepszego z nich.<br><strong> Zapraszamy do kontaktu.<\/strong> <\/p>\n\n\n\n<p><\/p>\n","protected":false},"excerpt":{"rendered":"<p>Oferta &#8211; miody, py\u0142ek pszczeli, pierzga, propolis z w\u0142asnej pasieki.Mi\u00f3d jest najpopularniejszym produktem pszczelim. Nikogo nie trzeba przekonywa\u0107 o tym, jak wa\u017cne dla ludzkiego zdrowia i samopoczucia jest jego regularne spo\u017cywanie. Mi\u00f3d pszczeli ma w swoim sk\u0142adzie m.in. zwi\u0105zki hamuj\u0105ce<\/p>\n","protected":false},"author":1,"featured_media":0,"parent":0,"menu_order":0,"comment_status":"closed","ping_status":"closed","template":"","meta":{"footnotes":""},"class_list":["post-21","page","type-page","status-publish","hentry"],"yoast_head":"<!-- This site is optimized with the Yoast SEO plugin v27.4 - https:\/\/yoast.com\/product\/yoast-seo-wordpress\/ -->\n<title>Oferta - Czes\u0142aw Brzeziak - technik pszczelarz<\/title>\n<meta name=\"robots\" content=\"index, follow, max-snippet:-1, max-image-preview:large, max-video-preview:-1\" \/>\n<link rel=\"canonical\" href=\"https:\/\/pasiekabrzeziak.site\/index.php\/oferta\/\" \/>\n<meta property=\"og:locale\" content=\"pl_PL\" \/>\n<meta property=\"og:type\" content=\"article\" \/>\n<meta property=\"og:title\" content=\"Oferta - Czes\u0142aw Brzeziak - technik pszczelarz\" \/>\n<meta property=\"og:description\" content=\"Oferta &#8211; miody, py\u0142ek pszczeli, pierzga, propolis z w\u0142asnej pasieki.Mi\u00f3d jest najpopularniejszym produktem pszczelim. Nikogo nie trzeba przekonywa\u0107 o tym, jak wa\u017cne dla ludzkiego zdrowia i samopoczucia jest jego regularne spo\u017cywanie. Mi\u00f3d pszczeli ma w swoim sk\u0142adzie m.in. zwi\u0105zki hamuj\u0105ce\" \/>\n<meta property=\"og:url\" content=\"https:\/\/pasiekabrzeziak.site\/index.php\/oferta\/\" \/>\n<meta property=\"og:site_name\" content=\"Czes\u0142aw Brzeziak - technik pszczelarz\" \/>\n<meta property=\"article:modified_time\" content=\"2020-02-14T20:50:38+00:00\" \/>\n<meta name=\"twitter:card\" content=\"summary_large_image\" \/>\n<meta name=\"twitter:label1\" content=\"Szacowany czas czytania\" \/>\n\t<meta name=\"twitter:data1\" content=\"1 minuta\" \/>\n<script type=\"application\/ld+json\" class=\"yoast-schema-graph\">{\"@context\":\"https:\\\/\\\/schema.org\",\"@graph\":[{\"@type\":\"WebPage\",\"@id\":\"https:\\\/\\\/pasiekabrzeziak.site\\\/index.php\\\/oferta\\\/\",\"url\":\"https:\\\/\\\/pasiekabrzeziak.site\\\/index.php\\\/oferta\\\/\",\"name\":\"Oferta - Czes\u0142aw Brzeziak - technik pszczelarz\",\"isPartOf\":{\"@id\":\"https:\\\/\\\/pasiekabrzeziak.site\\\/#website\"},\"datePublished\":\"2020-02-13T12:19:23+00:00\",\"dateModified\":\"2020-02-14T20:50:38+00:00\",\"breadcrumb\":{\"@id\":\"https:\\\/\\\/pasiekabrzeziak.site\\\/index.php\\\/oferta\\\/#breadcrumb\"},\"inLanguage\":\"pl-PL\",\"potentialAction\":[{\"@type\":\"ReadAction\",\"target\":[\"https:\\\/\\\/pasiekabrzeziak.site\\\/index.php\\\/oferta\\\/\"]}]},{\"@type\":\"BreadcrumbList\",\"@id\":\"https:\\\/\\\/pasiekabrzeziak.site\\\/index.php\\\/oferta\\\/#breadcrumb\",\"itemListElement\":[{\"@type\":\"ListItem\",\"position\":1,\"name\":\"Strona g\u0142\u00f3wna\",\"item\":\"https:\\\/\\\/pasiekabrzeziak.site\\\/\"},{\"@type\":\"ListItem\",\"position\":2,\"name\":\"Oferta\"}]},{\"@type\":\"WebSite\",\"@id\":\"https:\\\/\\\/pasiekabrzeziak.site\\\/#website\",\"url\":\"https:\\\/\\\/pasiekabrzeziak.site\\\/\",\"name\":\"Czes\u0142aw Brzeziak - technik pszczelarz\",\"description\":\"ROLNICZY HANDEL DETALICZNY Nr weter. 12163519\",\"publisher\":{\"@id\":\"https:\\\/\\\/pasiekabrzeziak.site\\\/#organization\"},\"potentialAction\":[{\"@type\":\"SearchAction\",\"target\":{\"@type\":\"EntryPoint\",\"urlTemplate\":\"https:\\\/\\\/pasiekabrzeziak.site\\\/?s={search_term_string}\"},\"query-input\":{\"@type\":\"PropertyValueSpecification\",\"valueRequired\":true,\"valueName\":\"search_term_string\"}}],\"inLanguage\":\"pl-PL\"},{\"@type\":\"Organization\",\"@id\":\"https:\\\/\\\/pasiekabrzeziak.site\\\/#organization\",\"name\":\"Pasieka Brzeziak\",\"url\":\"https:\\\/\\\/pasiekabrzeziak.site\\\/\",\"logo\":{\"@type\":\"ImageObject\",\"inLanguage\":\"pl-PL\",\"@id\":\"https:\\\/\\\/pasiekabrzeziak.site\\\/#\\\/schema\\\/logo\\\/image\\\/\",\"url\":\"https:\\\/\\\/pasiekabrzeziak.site\\\/wp-content\\\/uploads\\\/2020\\\/02\\\/Brzeziak.png\",\"contentUrl\":\"https:\\\/\\\/pasiekabrzeziak.site\\\/wp-content\\\/uploads\\\/2020\\\/02\\\/Brzeziak.png\",\"width\":91,\"height\":91,\"caption\":\"Pasieka Brzeziak\"},\"image\":{\"@id\":\"https:\\\/\\\/pasiekabrzeziak.site\\\/#\\\/schema\\\/logo\\\/image\\\/\"}}]}<\/script>\n<!-- \/ Yoast SEO plugin. -->","yoast_head_json":{"title":"Oferta - Czes\u0142aw Brzeziak - technik pszczelarz","robots":{"index":"index","follow":"follow","max-snippet":"max-snippet:-1","max-image-preview":"max-image-preview:large","max-video-preview":"max-video-preview:-1"},"canonical":"https:\/\/pasiekabrzeziak.site\/index.php\/oferta\/","og_locale":"pl_PL","og_type":"article","og_title":"Oferta - Czes\u0142aw Brzeziak - technik pszczelarz","og_description":"Oferta &#8211; miody, py\u0142ek pszczeli, pierzga, propolis z w\u0142asnej pasieki.Mi\u00f3d jest najpopularniejszym produktem pszczelim. Nikogo nie trzeba przekonywa\u0107 o tym, jak wa\u017cne dla ludzkiego zdrowia i samopoczucia jest jego regularne spo\u017cywanie. Mi\u00f3d pszczeli ma w swoim sk\u0142adzie m.in. zwi\u0105zki hamuj\u0105ce","og_url":"https:\/\/pasiekabrzeziak.site\/index.php\/oferta\/","og_site_name":"Czes\u0142aw Brzeziak - technik pszczelarz","article_modified_time":"2020-02-14T20:50:38+00:00","twitter_card":"summary_large_image","twitter_misc":{"Szacowany czas czytania":"1 minuta"},"schema":{"@context":"https:\/\/schema.org","@graph":[{"@type":"WebPage","@id":"https:\/\/pasiekabrzeziak.site\/index.php\/oferta\/","url":"https:\/\/pasiekabrzeziak.site\/index.php\/oferta\/","name":"Oferta - Czes\u0142aw Brzeziak - technik pszczelarz","isPartOf":{"@id":"https:\/\/pasiekabrzeziak.site\/#website"},"datePublished":"2020-02-13T12:19:23+00:00","dateModified":"2020-02-14T20:50:38+00:00","breadcrumb":{"@id":"https:\/\/pasiekabrzeziak.site\/index.php\/oferta\/#breadcrumb"},"inLanguage":"pl-PL","potentialAction":[{"@type":"ReadAction","target":["https:\/\/pasiekabrzeziak.site\/index.php\/oferta\/"]}]},{"@type":"BreadcrumbList","@id":"https:\/\/pasiekabrzeziak.site\/index.php\/oferta\/#breadcrumb","itemListElement":[{"@type":"ListItem","position":1,"name":"Strona g\u0142\u00f3wna","item":"https:\/\/pasiekabrzeziak.site\/"},{"@type":"ListItem","position":2,"name":"Oferta"}]},{"@type":"WebSite","@id":"https:\/\/pasiekabrzeziak.site\/#website","url":"https:\/\/pasiekabrzeziak.site\/","name":"Czes\u0142aw Brzeziak - technik pszczelarz","description":"ROLNICZY HANDEL DETALICZNY Nr weter. 12163519","publisher":{"@id":"https:\/\/pasiekabrzeziak.site\/#organization"},"potentialAction":[{"@type":"SearchAction","target":{"@type":"EntryPoint","urlTemplate":"https:\/\/pasiekabrzeziak.site\/?s={search_term_string}"},"query-input":{"@type":"PropertyValueSpecification","valueRequired":true,"valueName":"search_term_string"}}],"inLanguage":"pl-PL"},{"@type":"Organization","@id":"https:\/\/pasiekabrzeziak.site\/#organization","name":"Pasieka Brzeziak","url":"https:\/\/pasiekabrzeziak.site\/","logo":{"@type":"ImageObject","inLanguage":"pl-PL","@id":"https:\/\/pasiekabrzeziak.site\/#\/schema\/logo\/image\/","url":"https:\/\/pasiekabrzeziak.site\/wp-content\/uploads\/2020\/02\/Brzeziak.png","contentUrl":"https:\/\/pasiekabrzeziak.site\/wp-content\/uploads\/2020\/02\/Brzeziak.png","width":91,"height":91,"caption":"Pasieka Brzeziak"},"image":{"@id":"https:\/\/pasiekabrzeziak.site\/#\/schema\/logo\/image\/"}}]}},"_links":{"self":[{"href":"https:\/\/pasiekabrzeziak.site\/index.php\/wp-json\/wp\/v2\/pages\/21","targetHints":{"allow":["GET"]}}],"collection":[{"href":"https:\/\/pasiekabrzeziak.site\/index.php\/wp-json\/wp\/v2\/pages"}],"about":[{"href":"https:\/\/pasiekabrzeziak.site\/index.php\/wp-json\/wp\/v2\/types\/page"}],"author":[{"embeddable":true,"href":"https:\/\/pasiekabrzeziak.site\/index.php\/wp-json\/wp\/v2\/users\/1"}],"replies":[{"embeddable":true,"href":"https:\/\/pasiekabrzeziak.site\/index.php\/wp-json\/wp\/v2\/comments?post=21"}],"version-history":[{"count":2,"href":"https:\/\/pasiekabrzeziak.site\/index.php\/wp-json\/wp\/v2\/pages\/21\/revisions"}],"predecessor-version":[{"id":103,"href":"https:\/\/pasiekabrzeziak.site\/index.php\/wp-json\/wp\/v2\/pages\/21\/revisions\/103"}],"wp:attachment":[{"href":"https:\/\/pasiekabrzeziak.site\/index.php\/wp-json\/wp\/v2\/media?parent=21"}],"curies":[{"name":"wp","href":"https:\/\/api.w.org\/{rel}","templated":true}]}}