{"id":18,"date":"2020-02-13T13:14:53","date_gmt":"2020-02-13T12:14:53","guid":{"rendered":"https:\/\/pasiekabrzeziak.pl\/?page_id=18"},"modified":"2020-02-16T18:51:14","modified_gmt":"2020-02-16T17:51:14","slug":"kontakt","status":"publish","type":"page","link":"https:\/\/pasiekabrzeziak.site\/index.php\/kontakt\/","title":{"rendered":"Kontakt"},"content":{"rendered":"\n<p><strong>Rolniczy Handel Detaliczny Nr weter. 12163519<\/strong> <\/p>\n\n\n\n<p><strong>Czes\u0142aw Brzeziak &#8211; technik pszczelarz<\/strong><\/p>\n\n\n\n<p>33-121 Bogumi\u0142owice 165\/7<\/p>\n\n\n\n<p>PASIEKA &#8211; BRZE\u0179NICA k\/RAD\u0141OWA 30<\/p>\n\n\n\n<p>Tel. 693-773-509,  601-898-171<\/p>\n\n\n\n<p>e-mail: pasiekabrzeziak@gmail.com  ;   czesiekbrzeziak@vp.pl<\/p>\n","protected":false},"excerpt":{"rendered":"<p>Rolniczy Handel Detaliczny Nr weter. 12163519 Czes\u0142aw Brzeziak &#8211; technik pszczelarz 33-121 Bogumi\u0142owice 165\/7 PASIEKA &#8211; BRZE\u0179NICA k\/RAD\u0141OWA 30 Tel. 693-773-509, 601-898-171 e-mail: pasiekabrzeziak@gmail.com ; czesiekbrzeziak@vp.pl<\/p>\n","protected":false},"author":1,"featured_media":0,"parent":0,"menu_order":0,"comment_status":"closed","ping_status":"closed","template":"","meta":{"footnotes":""},"class_list":["post-18","page","type-page","status-publish","hentry"],"yoast_head":"<!-- This site is optimized with the Yoast SEO plugin v27.4 - https:\/\/yoast.com\/product\/yoast-seo-wordpress\/ -->\n<title>Kontakt - Czes\u0142aw Brzeziak - technik pszczelarz<\/title>\n<meta name=\"robots\" content=\"index, follow, max-snippet:-1, max-image-preview:large, max-video-preview:-1\" \/>\n<link rel=\"canonical\" href=\"https:\/\/pasiekabrzeziak.site\/index.php\/kontakt\/\" \/>\n<meta property=\"og:locale\" content=\"pl_PL\" \/>\n<meta property=\"og:type\" content=\"article\" \/>\n<meta property=\"og:title\" content=\"Kontakt - Czes\u0142aw Brzeziak - technik pszczelarz\" \/>\n<meta property=\"og:description\" content=\"Rolniczy Handel Detaliczny Nr weter. 12163519 Czes\u0142aw Brzeziak &#8211; technik pszczelarz 33-121 Bogumi\u0142owice 165\/7 PASIEKA &#8211; BRZE\u0179NICA k\/RAD\u0141OWA 30 Tel. 693-773-509, 601-898-171 e-mail: pasiekabrzeziak@gmail.com ; czesiekbrzeziak@vp.pl\" \/>\n<meta property=\"og:url\" content=\"https:\/\/pasiekabrzeziak.site\/index.php\/kontakt\/\" \/>\n<meta property=\"og:site_name\" content=\"Czes\u0142aw Brzeziak - technik pszczelarz\" \/>\n<meta property=\"article:modified_time\" content=\"2020-02-16T17:51:14+00:00\" \/>\n<meta name=\"twitter:card\" content=\"summary_large_image\" \/>\n<script type=\"application\/ld+json\" class=\"yoast-schema-graph\">{\"@context\":\"https:\\\/\\\/schema.org\",\"@graph\":[{\"@type\":\"WebPage\",\"@id\":\"https:\\\/\\\/pasiekabrzeziak.site\\\/index.php\\\/kontakt\\\/\",\"url\":\"https:\\\/\\\/pasiekabrzeziak.site\\\/index.php\\\/kontakt\\\/\",\"name\":\"Kontakt - Czes\u0142aw Brzeziak - technik pszczelarz\",\"isPartOf\":{\"@id\":\"https:\\\/\\\/pasiekabrzeziak.site\\\/#website\"},\"datePublished\":\"2020-02-13T12:14:53+00:00\",\"dateModified\":\"2020-02-16T17:51:14+00:00\",\"breadcrumb\":{\"@id\":\"https:\\\/\\\/pasiekabrzeziak.site\\\/index.php\\\/kontakt\\\/#breadcrumb\"},\"inLanguage\":\"pl-PL\",\"potentialAction\":[{\"@type\":\"ReadAction\",\"target\":[\"https:\\\/\\\/pasiekabrzeziak.site\\\/index.php\\\/kontakt\\\/\"]}]},{\"@type\":\"BreadcrumbList\",\"@id\":\"https:\\\/\\\/pasiekabrzeziak.site\\\/index.php\\\/kontakt\\\/#breadcrumb\",\"itemListElement\":[{\"@type\":\"ListItem\",\"position\":1,\"name\":\"Strona g\u0142\u00f3wna\",\"item\":\"https:\\\/\\\/pasiekabrzeziak.site\\\/\"},{\"@type\":\"ListItem\",\"position\":2,\"name\":\"Kontakt\"}]},{\"@type\":\"WebSite\",\"@id\":\"https:\\\/\\\/pasiekabrzeziak.site\\\/#website\",\"url\":\"https:\\\/\\\/pasiekabrzeziak.site\\\/\",\"name\":\"Czes\u0142aw Brzeziak - technik pszczelarz\",\"description\":\"ROLNICZY HANDEL DETALICZNY Nr weter. 12163519\",\"publisher\":{\"@id\":\"https:\\\/\\\/pasiekabrzeziak.site\\\/#organization\"},\"potentialAction\":[{\"@type\":\"SearchAction\",\"target\":{\"@type\":\"EntryPoint\",\"urlTemplate\":\"https:\\\/\\\/pasiekabrzeziak.site\\\/?s={search_term_string}\"},\"query-input\":{\"@type\":\"PropertyValueSpecification\",\"valueRequired\":true,\"valueName\":\"search_term_string\"}}],\"inLanguage\":\"pl-PL\"},{\"@type\":\"Organization\",\"@id\":\"https:\\\/\\\/pasiekabrzeziak.site\\\/#organization\",\"name\":\"Pasieka Brzeziak\",\"url\":\"https:\\\/\\\/pasiekabrzeziak.site\\\/\",\"logo\":{\"@type\":\"ImageObject\",\"inLanguage\":\"pl-PL\",\"@id\":\"https:\\\/\\\/pasiekabrzeziak.site\\\/#\\\/schema\\\/logo\\\/image\\\/\",\"url\":\"https:\\\/\\\/pasiekabrzeziak.site\\\/wp-content\\\/uploads\\\/2020\\\/02\\\/Brzeziak.png\",\"contentUrl\":\"https:\\\/\\\/pasiekabrzeziak.site\\\/wp-content\\\/uploads\\\/2020\\\/02\\\/Brzeziak.png\",\"width\":91,\"height\":91,\"caption\":\"Pasieka Brzeziak\"},\"image\":{\"@id\":\"https:\\\/\\\/pasiekabrzeziak.site\\\/#\\\/schema\\\/logo\\\/image\\\/\"}}]}<\/script>\n<!-- \/ Yoast SEO plugin. -->","yoast_head_json":{"title":"Kontakt - Czes\u0142aw Brzeziak - technik pszczelarz","robots":{"index":"index","follow":"follow","max-snippet":"max-snippet:-1","max-image-preview":"max-image-preview:large","max-video-preview":"max-video-preview:-1"},"canonical":"https:\/\/pasiekabrzeziak.site\/index.php\/kontakt\/","og_locale":"pl_PL","og_type":"article","og_title":"Kontakt - Czes\u0142aw Brzeziak - technik pszczelarz","og_description":"Rolniczy Handel Detaliczny Nr weter. 12163519 Czes\u0142aw Brzeziak &#8211; technik pszczelarz 33-121 Bogumi\u0142owice 165\/7 PASIEKA &#8211; BRZE\u0179NICA k\/RAD\u0141OWA 30 Tel. 693-773-509, 601-898-171 e-mail: pasiekabrzeziak@gmail.com ; czesiekbrzeziak@vp.pl","og_url":"https:\/\/pasiekabrzeziak.site\/index.php\/kontakt\/","og_site_name":"Czes\u0142aw Brzeziak - technik pszczelarz","article_modified_time":"2020-02-16T17:51:14+00:00","twitter_card":"summary_large_image","schema":{"@context":"https:\/\/schema.org","@graph":[{"@type":"WebPage","@id":"https:\/\/pasiekabrzeziak.site\/index.php\/kontakt\/","url":"https:\/\/pasiekabrzeziak.site\/index.php\/kontakt\/","name":"Kontakt - Czes\u0142aw Brzeziak - technik pszczelarz","isPartOf":{"@id":"https:\/\/pasiekabrzeziak.site\/#website"},"datePublished":"2020-02-13T12:14:53+00:00","dateModified":"2020-02-16T17:51:14+00:00","breadcrumb":{"@id":"https:\/\/pasiekabrzeziak.site\/index.php\/kontakt\/#breadcrumb"},"inLanguage":"pl-PL","potentialAction":[{"@type":"ReadAction","target":["https:\/\/pasiekabrzeziak.site\/index.php\/kontakt\/"]}]},{"@type":"BreadcrumbList","@id":"https:\/\/pasiekabrzeziak.site\/index.php\/kontakt\/#breadcrumb","itemListElement":[{"@type":"ListItem","position":1,"name":"Strona g\u0142\u00f3wna","item":"https:\/\/pasiekabrzeziak.site\/"},{"@type":"ListItem","position":2,"name":"Kontakt"}]},{"@type":"WebSite","@id":"https:\/\/pasiekabrzeziak.site\/#website","url":"https:\/\/pasiekabrzeziak.site\/","name":"Czes\u0142aw Brzeziak - technik pszczelarz","description":"ROLNICZY HANDEL DETALICZNY Nr weter. 12163519","publisher":{"@id":"https:\/\/pasiekabrzeziak.site\/#organization"},"potentialAction":[{"@type":"SearchAction","target":{"@type":"EntryPoint","urlTemplate":"https:\/\/pasiekabrzeziak.site\/?s={search_term_string}"},"query-input":{"@type":"PropertyValueSpecification","valueRequired":true,"valueName":"search_term_string"}}],"inLanguage":"pl-PL"},{"@type":"Organization","@id":"https:\/\/pasiekabrzeziak.site\/#organization","name":"Pasieka Brzeziak","url":"https:\/\/pasiekabrzeziak.site\/","logo":{"@type":"ImageObject","inLanguage":"pl-PL","@id":"https:\/\/pasiekabrzeziak.site\/#\/schema\/logo\/image\/","url":"https:\/\/pasiekabrzeziak.site\/wp-content\/uploads\/2020\/02\/Brzeziak.png","contentUrl":"https:\/\/pasiekabrzeziak.site\/wp-content\/uploads\/2020\/02\/Brzeziak.png","width":91,"height":91,"caption":"Pasieka Brzeziak"},"image":{"@id":"https:\/\/pasiekabrzeziak.site\/#\/schema\/logo\/image\/"}}]}},"_links":{"self":[{"href":"https:\/\/pasiekabrzeziak.site\/index.php\/wp-json\/wp\/v2\/pages\/18","targetHints":{"allow":["GET"]}}],"collection":[{"href":"https:\/\/pasiekabrzeziak.site\/index.php\/wp-json\/wp\/v2\/pages"}],"about":[{"href":"https:\/\/pasiekabrzeziak.site\/index.php\/wp-json\/wp\/v2\/types\/page"}],"author":[{"embeddable":true,"href":"https:\/\/pasiekabrzeziak.site\/index.php\/wp-json\/wp\/v2\/users\/1"}],"replies":[{"embeddable":true,"href":"https:\/\/pasiekabrzeziak.site\/index.php\/wp-json\/wp\/v2\/comments?post=18"}],"version-history":[{"count":6,"href":"https:\/\/pasiekabrzeziak.site\/index.php\/wp-json\/wp\/v2\/pages\/18\/revisions"}],"predecessor-version":[{"id":121,"href":"https:\/\/pasiekabrzeziak.site\/index.php\/wp-json\/wp\/v2\/pages\/18\/revisions\/121"}],"wp:attachment":[{"href":"https:\/\/pasiekabrzeziak.site\/index.php\/wp-json\/wp\/v2\/media?parent=18"}],"curies":[{"name":"wp","href":"https:\/\/api.w.org\/{rel}","templated":true}]}}